{"id":62,"date":"2016-06-09T23:10:13","date_gmt":"2016-06-09T23:10:13","guid":{"rendered":"http:\/\/www.djronfa.com\/?page_id=62"},"modified":"2017-01-17T23:00:45","modified_gmt":"2017-01-17T23:00:45","slug":"bio","status":"publish","type":"page","link":"https:\/\/www.djronfa.com\/?page_id=62","title":{"rendered":"Bio"},"content":{"rendered":"<p>Der offizielle Pioneer DJ hat nicht nur flinke Finger, sondern auch ein feines Gesp\u00fcr f\u00fcr tanzbare Beats.<br \/>\n Daher verwundert es kaum, dass die Damen bei seinen Auftritten regelrecht die Tanzfl\u00e4che st\u00fcrmen, worauf<br \/>\n sich die Herren der Sch\u00f6pfung dann auch nicht lange bitten lassen. Neben seinen zahlreichen Gigs engagiert<br \/>\n sich DJ Ronfa bei diversen nationalen und internationalen Workshops f\u00fcr den DJ-Nachwuchs und gibt<br \/>\n sein Know-how regelm\u00e4ssig an der \u201eBeatmix DJ School\u201c an die n\u00e4chste Generation weiter. Mit seinem<br \/>\nunvergleichlichen Style trifft der Westschweizer den Puls der Zeit und mischt auch das Internet<br \/>\nmit seinen Videos geh\u00f6rig auf. Sein Red Bull Thre3style Finalset wurde innerhalb von nur wenigen<br \/>\nMonaten \u00fcber 400\u2019000mal abgespielt und fast 1\u2019200mal geteilt. Mit diesem unglaublichen Feedback<br \/>\nkann er, zumindest online, problemlos mit Berufskollegen wie DJ Snake, Jazzy Jeff oder DJ Craze mithalten.<\/p>\n","protected":false},"excerpt":{"rendered":"<p>Der offizielle Pioneer DJ hat nicht nur flinke Finger, sondern auch ein feines Gesp\u00fcr f\u00fcr tanzbare Beats. Daher verwundert es kaum, dass die Damen bei seinen Auftritten regelrecht die Tanzfl\u00e4che st\u00fcrmen, worauf sich die Herren der Sch\u00f6pfung dann auch nicht lange bitten lassen. Neben seinen zahlreichen Gigs engagiert sich DJ Ronfa bei diversen nationalen und &hellip; <\/p>\n<p class=\"link-more\"><a href=\"https:\/\/www.djronfa.com\/?page_id=62\" class=\"more-link\">Continuer la lecture<span class=\"screen-reader-text\"> de &laquo;&nbsp;Bio&nbsp;&raquo;<\/span><\/a><\/p>\n","protected":false},"author":1,"featured_media":0,"parent":0,"menu_order":0,"comment_status":"closed","ping_status":"closed","template":"","meta":{"footnotes":""},"class_list":["post-62","page","type-page","status-publish","hentry"],"_links":{"self":[{"href":"https:\/\/www.djronfa.com\/index.php?rest_route=\/wp\/v2\/pages\/62","targetHints":{"allow":["GET"]}}],"collection":[{"href":"https:\/\/www.djronfa.com\/index.php?rest_route=\/wp\/v2\/pages"}],"about":[{"href":"https:\/\/www.djronfa.com\/index.php?rest_route=\/wp\/v2\/types\/page"}],"author":[{"embeddable":true,"href":"https:\/\/www.djronfa.com\/index.php?rest_route=\/wp\/v2\/users\/1"}],"replies":[{"embeddable":true,"href":"https:\/\/www.djronfa.com\/index.php?rest_route=%2Fwp%2Fv2%2Fcomments&post=62"}],"version-history":[{"count":3,"href":"https:\/\/www.djronfa.com\/index.php?rest_route=\/wp\/v2\/pages\/62\/revisions"}],"predecessor-version":[{"id":292,"href":"https:\/\/www.djronfa.com\/index.php?rest_route=\/wp\/v2\/pages\/62\/revisions\/292"}],"wp:attachment":[{"href":"https:\/\/www.djronfa.com\/index.php?rest_route=%2Fwp%2Fv2%2Fmedia&parent=62"}],"curies":[{"name":"wp","href":"https:\/\/api.w.org\/{rel}","templated":true}]}}